{"id":1069,"date":"2022-12-21T15:59:30","date_gmt":"2022-12-21T15:59:30","guid":{"rendered":"https:\/\/uka.edu.vn\/langdingpage\/"},"modified":"2022-12-21T15:59:30","modified_gmt":"2022-12-21T15:59:30","slug":"langdingpage","status":"publish","type":"page","link":"https:\/\/uka.edu.vn\/en\/langdingpage\/","title":{"rendered":"Langdingpage"},"content":{"rendered":"<h4>3 ng\u00f4i tr\u01b0\u1eddng danh gi\u00e1 thu\u1ed9c top \u0111\u1ea7u c\u1ee7a NCUK m\u00e0 du h\u1ecdc sinh m\u01a1 \u01b0\u1edbc<\/h4>\n<p><strong>\u0110\u1ea1i h\u1ecdc Manchester<\/strong> l\u00e0 m\u1ed9t tr\u01b0\u1eddng \u0111\u1ea1i h\u1ecdc thu\u1ed9c nh\u00f3m &#8220;red brick&#8221; (c\u00e1c tr\u01b0\u1eddng \u0111\u1ea1i h\u1ecdc c\u00f3 khu\u00f4n vi\u00ean \u0111\u01b0\u1ee3c x\u00e2y d\u1ef1ng b\u1edfi c\u00e1c t\u00f2a nh\u00e0 g\u1ea1ch m\u00e0u \u0111\u1ecf), v\u1edbi c\u00e1c ho\u1ea1t \u0111\u1ed9ng t\u1eeb \u0111\u1ea7u th\u1ebf k\u1ef7 19. \u0110\u00e3 c\u00f3 25 c\u00e1 nh\u00e2n \u0111\u01b0\u1ee3c trao gi\u1ea3i Nobel xu\u1ea5t ph\u00e1t t\u1eeb \u0110\u1ea1i h\u1ecdc Manchester. \u0110\u1ea1i h\u1ecdc Manchester c\u0169ng l\u00e0 m\u1ed9t \u0111\u1ea1i h\u1ecdc c\u00f3 danh ti\u1ebfng l\u00e2u \u0111\u1eddi v\u1ec1 ch\u1ea5t l\u01b0\u1ee3ng gi\u1ea3ng d\u1ea1y, \u0111\u1eb7c bi\u1ec7t c\u00e1c ng\u00e0nh v\u1ec1 khoa h\u1ecdc k\u1ef9 thu\u1eadt.<\/p>\n<p><img decoding=\"async\" loading=\"lazy\" class=\"alignnone wp-image-617 size-full\" src=\"https:\/\/uka.edu.vn\/wp-content\/uploads\/2022\/12\/image-8.png\" alt=\"\" width=\"1128\" height=\"634\" srcset=\"https:\/\/uka.edu.vn\/wp-content\/uploads\/2022\/12\/image-8.png 1128w, https:\/\/uka.edu.vn\/wp-content\/uploads\/2022\/12\/image-8-300x169.png 300w, https:\/\/uka.edu.vn\/wp-content\/uploads\/2022\/12\/image-8-1024x576.png 1024w, https:\/\/uka.edu.vn\/wp-content\/uploads\/2022\/12\/image-8-768x432.png 768w\" sizes=\"(max-width: 1128px) 100vw, 1128px\" \/><\/p>\n<p>&nbsp;<\/p>\n<p>\u0110\u01b0\u1ee3c x\u1ebfp h\u1ea1ng \u1edf v\u1ecb tr\u00ed th\u1ee9 49 th\u1ebf gi\u1edbi v\u00e0 th\u1ee9 9 t\u1ea1i V\u01b0\u01a1ng qu\u1ed1c Anh theo QS World University Rankings 2020, <strong>\u0110\u1ea1i h\u1ecdc Bristol<\/strong> \u0111\u01b0\u1ee3c c\u00f4ng nh\u1eadn to\u00e0n c\u1ea7u trong vi\u1ec7c cung c\u1ea5p c\u00e1c kh\u00f3a h\u1ecdc ch\u1ea5t l\u01b0\u1ee3ng \u0111\u1eb3ng c\u1ea5p th\u1ebf gi\u1edbi. \u0110\u1ea1i h\u1ecdc Bristol x\u1ebfp \u1edf v\u1ecb tr\u00ed th\u1ee9 2 trong nh\u00f3m nh\u1eefng tr\u01b0\u1eddng \u0111\u1ea1i h\u1ecdc \u0111\u01b0\u1ee3c s\u0103n \u0111\u00f3n b\u1edfi c\u00e1c nh\u00e0 tuy\u1ec3n d\u1ee5ng h\u00e0ng \u0111\u1ea7u V\u01b0\u01a1ng qu\u1ed1c Anh (High Fliers Research 2019).<\/p>\n<p><img decoding=\"async\" loading=\"lazy\" class=\"alignnone wp-image-620 size-full\" src=\"https:\/\/uka.edu.vn\/wp-content\/uploads\/2022\/12\/image-9.png\" alt=\"\" width=\"1128\" height=\"402\" srcset=\"https:\/\/uka.edu.vn\/wp-content\/uploads\/2022\/12\/image-9.png 1128w, https:\/\/uka.edu.vn\/wp-content\/uploads\/2022\/12\/image-9-300x107.png 300w, https:\/\/uka.edu.vn\/wp-content\/uploads\/2022\/12\/image-9-1024x365.png 1024w, https:\/\/uka.edu.vn\/wp-content\/uploads\/2022\/12\/image-9-768x274.png 768w\" sizes=\"(max-width: 1128px) 100vw, 1128px\" \/><\/p>\n<p>&nbsp;<\/p>\n<p><strong>\u0110\u1ea1i h\u1ecdc Birmingham<\/strong> l\u00e0 tr\u01b0\u1eddng \u0111\u1ea1i h\u1ecdc c\u00f3 l\u1ecbch s\u1eed l\u00e2u \u0111\u1eddi v\u00e0 c\u1ed9ng \u0111\u1ed3ng \u0111a v\u0103n h\u00f3a, mang \u0111\u1ebfn cho sinh vi\u00ean tr\u1ea3i nghi\u1ec7m \u0111\u1ed9c \u0111\u00e1o v\u00e0 phong ph\u00fa. Trong kh\u1eafp hai h\u1ecdc khu ch\u00ednh, tr\u01b0\u1eddng \u0111\u00e3 \u0111\u1ea7u t\u01b0 h\u01a1n 260 tri\u1ec7u GBP v\u00e0o c\u00e1c c\u01a1 s\u1edf t\u00e2n ti\u1ebfn, bao g\u1ed3m c\u00e1c ph\u00f2ng th\u00ed nghi\u1ec7m khoa h\u1ecdc y sinh m\u1edbi, m\u1ed9t ph\u00f2ng gi\u1ea3i ph\u1eabu m\u00f4 ph\u1ecfng, ph\u00f2ng hi\u1ec7n tr\u01b0\u1eddng v\u1ee5 \u00e1n v\u00e0 c\u00e1c thi\u1ebft b\u1ecb ph\u00e1t s\u00f3ng. Birmingham c\u0169ng l\u00e0 m\u1ed9t trong nh\u1eefng th\u00e0nh ph\u1ed1 xanh b\u1eadc nh\u1ea5t \u1edf ch\u00e2u \u00c2u v\u1edbi c\u00e1c th\u1ea3o c\u1ea7m vi\u00ean v\u00e0 c\u00f4ng vi\u00ean \u0111\u1ec3 sinh vi\u00ean th\u01b0 gi\u00e3n.<\/p>\n<p><img decoding=\"async\" loading=\"lazy\" class=\"alignnone wp-image-622 size-full\" src=\"https:\/\/uka.edu.vn\/wp-content\/uploads\/2022\/12\/image-10.png\" alt=\"\" width=\"1128\" height=\"634\" srcset=\"https:\/\/uka.edu.vn\/wp-content\/uploads\/2022\/12\/image-10.png 1128w, https:\/\/uka.edu.vn\/wp-content\/uploads\/2022\/12\/image-10-300x169.png 300w, https:\/\/uka.edu.vn\/wp-content\/uploads\/2022\/12\/image-10-1024x576.png 1024w, https:\/\/uka.edu.vn\/wp-content\/uploads\/2022\/12\/image-10-768x432.png 768w\" sizes=\"(max-width: 1128px) 100vw, 1128px\" \/><\/p>\n<p>&nbsp;<\/p>\n<p>\u0110\u0103ng k\u00fd tham d\u1ef1 h\u1ed9i th\u1ea3o \u201cV\u00e9 th\u00f4ng h\u00e0nh v\u00e0o \u0110\u1ea1i h\u1ecdc Anh Qu\u1ed1c\u201d c\u1ee7a UK Academy ngay t\u1ea1i \u0111\u00e2y, s\u1ed1 l\u01b0\u1ee3ng kh\u00e1ch m\u1eddi c\u00f3 h\u1ea1n. \u0110\u1eb7c bi\u1ec7t, t\u1ea1i ch\u01b0\u01a1ng tr\u00ecnh t\u1eb7ng ngay ph\u00ed ghi danh v\u00e0 ki\u1ec3m tra \u0111\u1ea7u v\u00e0o ch\u01b0\u01a1ng tr\u00ecnh NCUK <strong>tr\u1ecb gi\u00e1 15 tri\u1ec7u.<\/strong><\/p>\n<p style=\"text-align: center;\"><strong>\u0110\u1ea1i h\u1ecdc Birmingham<\/strong><\/p>\n","protected":false},"excerpt":{"rendered":"<p>3 ng\u00f4i tr\u01b0\u1eddng danh gi\u00e1 thu\u1ed9c top \u0111\u1ea7u c\u1ee7a NCUK m\u00e0 du h\u1ecdc sinh m\u01a1 \u01b0\u1edbc \u0110\u1ea1i h\u1ecdc Manchester l\u00e0 m\u1ed9t tr\u01b0\u1eddng \u0111\u1ea1i h\u1ecdc thu\u1ed9c nh\u00f3m &#8220;red brick&#8221; (c\u00e1c tr\u01b0\u1eddng \u0111\u1ea1i h\u1ecdc c\u00f3 khu\u00f4n vi\u00ean \u0111\u01b0\u1ee3c x\u00e2y d\u1ef1ng b\u1edfi c\u00e1c t\u00f2a nh\u00e0 g\u1ea1ch m\u00e0u \u0111\u1ecf), v\u1edbi c\u00e1c ho\u1ea1t \u0111\u1ed9ng t\u1eeb \u0111\u1ea7u th\u1ebf k\u1ef7 19. \u0110\u00e3 &#8230; <a title=\"Langdingpage\" class=\"read-more\" href=\"https:\/\/uka.edu.vn\/en\/langdingpage\/\" aria-label=\"More on Langdingpage\">Read more<\/a><\/p>\n","protected":false},"author":9,"featured_media":0,"parent":0,"menu_order":0,"comment_status":"closed","ping_status":"closed","template":"templates\/seminar.php","meta":{"inline_featured_image":false},"acf":[],"yoast_head":"<!-- This site is optimized with the Yoast SEO plugin v19.13 - https:\/\/yoast.com\/wordpress\/plugins\/seo\/ -->\n<title>Langdingpage - UK Academy International Bilingual School<\/title>\n<meta name=\"robots\" content=\"index, follow, max-snippet:-1, max-image-preview:large, max-video-preview:-1\" \/>\n<link rel=\"canonical\" href=\"https:\/\/uka.edu.vn\/en\/langdingpage\/\" \/>\n<meta property=\"og:locale\" content=\"en_US\" \/>\n<meta property=\"og:type\" content=\"article\" \/>\n<meta property=\"og:title\" content=\"Langdingpage - UK Academy International Bilingual School\" \/>\n<meta property=\"og:description\" content=\"3 ng\u00f4i tr\u01b0\u1eddng danh gi\u00e1 thu\u1ed9c top \u0111\u1ea7u c\u1ee7a NCUK m\u00e0 du h\u1ecdc sinh m\u01a1 \u01b0\u1edbc \u0110\u1ea1i h\u1ecdc Manchester l\u00e0 m\u1ed9t tr\u01b0\u1eddng \u0111\u1ea1i h\u1ecdc thu\u1ed9c nh\u00f3m &#8220;red brick&#8221; (c\u00e1c tr\u01b0\u1eddng \u0111\u1ea1i h\u1ecdc c\u00f3 khu\u00f4n vi\u00ean \u0111\u01b0\u1ee3c x\u00e2y d\u1ef1ng b\u1edfi c\u00e1c t\u00f2a nh\u00e0 g\u1ea1ch m\u00e0u \u0111\u1ecf), v\u1edbi c\u00e1c ho\u1ea1t \u0111\u1ed9ng t\u1eeb \u0111\u1ea7u th\u1ebf k\u1ef7 19. \u0110\u00e3 ... Read more\" \/>\n<meta property=\"og:url\" content=\"https:\/\/uka.edu.vn\/en\/langdingpage\/\" \/>\n<meta property=\"og:site_name\" content=\"UK Academy International Bilingual School\" \/>\n<meta property=\"og:image\" content=\"https:\/\/uka.edu.vn\/wp-content\/uploads\/2022\/12\/image-8.png\" \/>\n<meta name=\"twitter:card\" content=\"summary_large_image\" \/>\n<meta name=\"twitter:label1\" content=\"Est. reading time\" \/>\n\t<meta name=\"twitter:data1\" content=\"2 minutes\" \/>\n<script type=\"application\/ld+json\" class=\"yoast-schema-graph\">{\"@context\":\"https:\/\/schema.org\",\"@graph\":[{\"@type\":\"WebPage\",\"@id\":\"https:\/\/uka.edu.vn\/en\/langdingpage\/\",\"url\":\"https:\/\/uka.edu.vn\/en\/langdingpage\/\",\"name\":\"Langdingpage - UK Academy International Bilingual School\",\"isPartOf\":{\"@id\":\"https:\/\/uka.edu.vn\/#website\"},\"datePublished\":\"2022-12-21T15:59:30+00:00\",\"dateModified\":\"2022-12-21T15:59:30+00:00\",\"breadcrumb\":{\"@id\":\"https:\/\/uka.edu.vn\/en\/langdingpage\/#breadcrumb\"},\"inLanguage\":\"en\",\"potentialAction\":[{\"@type\":\"ReadAction\",\"target\":[\"https:\/\/uka.edu.vn\/en\/langdingpage\/\"]}]},{\"@type\":\"BreadcrumbList\",\"@id\":\"https:\/\/uka.edu.vn\/en\/langdingpage\/#breadcrumb\",\"itemListElement\":[{\"@type\":\"ListItem\",\"position\":1,\"name\":\"Home\",\"item\":\"https:\/\/uka.edu.vn\/en\/\"},{\"@type\":\"ListItem\",\"position\":2,\"name\":\"Langdingpage\"}]},{\"@type\":\"WebSite\",\"@id\":\"https:\/\/uka.edu.vn\/#website\",\"url\":\"https:\/\/uka.edu.vn\/\",\"name\":\"UK Academy International Bilingual School\",\"description\":\"Trang ch\u1ee7\",\"publisher\":{\"@id\":\"https:\/\/uka.edu.vn\/#organization\"},\"potentialAction\":[{\"@type\":\"SearchAction\",\"target\":{\"@type\":\"EntryPoint\",\"urlTemplate\":\"https:\/\/uka.edu.vn\/?s={search_term_string}\"},\"query-input\":\"required name=search_term_string\"}],\"inLanguage\":\"en\"},{\"@type\":\"Organization\",\"@id\":\"https:\/\/uka.edu.vn\/#organization\",\"name\":\"UK Academy International Bilingual School\",\"url\":\"https:\/\/uka.edu.vn\/\",\"logo\":{\"@type\":\"ImageObject\",\"inLanguage\":\"en\",\"@id\":\"https:\/\/uka.edu.vn\/#\/schema\/logo\/image\/\",\"url\":\"https:\/\/uka.edu.vn\/wp-content\/uploads\/2022\/12\/Frame.svg\",\"contentUrl\":\"https:\/\/uka.edu.vn\/wp-content\/uploads\/2022\/12\/Frame.svg\",\"width\":309,\"height\":95,\"caption\":\"UK Academy International Bilingual School\"},\"image\":{\"@id\":\"https:\/\/uka.edu.vn\/#\/schema\/logo\/image\/\"}}]}<\/script>\n<!-- \/ Yoast SEO plugin. -->","yoast_head_json":{"title":"Langdingpage - UK Academy International Bilingual School","robots":{"index":"index","follow":"follow","max-snippet":"max-snippet:-1","max-image-preview":"max-image-preview:large","max-video-preview":"max-video-preview:-1"},"canonical":"https:\/\/uka.edu.vn\/en\/langdingpage\/","og_locale":"en_US","og_type":"article","og_title":"Langdingpage - UK Academy International Bilingual School","og_description":"3 ng\u00f4i tr\u01b0\u1eddng danh gi\u00e1 thu\u1ed9c top \u0111\u1ea7u c\u1ee7a NCUK m\u00e0 du h\u1ecdc sinh m\u01a1 \u01b0\u1edbc \u0110\u1ea1i h\u1ecdc Manchester l\u00e0 m\u1ed9t tr\u01b0\u1eddng \u0111\u1ea1i h\u1ecdc thu\u1ed9c nh\u00f3m &#8220;red brick&#8221; (c\u00e1c tr\u01b0\u1eddng \u0111\u1ea1i h\u1ecdc c\u00f3 khu\u00f4n vi\u00ean \u0111\u01b0\u1ee3c x\u00e2y d\u1ef1ng b\u1edfi c\u00e1c t\u00f2a nh\u00e0 g\u1ea1ch m\u00e0u \u0111\u1ecf), v\u1edbi c\u00e1c ho\u1ea1t \u0111\u1ed9ng t\u1eeb \u0111\u1ea7u th\u1ebf k\u1ef7 19. \u0110\u00e3 ... Read more","og_url":"https:\/\/uka.edu.vn\/en\/langdingpage\/","og_site_name":"UK Academy International Bilingual School","og_image":[{"url":"https:\/\/uka.edu.vn\/wp-content\/uploads\/2022\/12\/image-8.png"}],"twitter_card":"summary_large_image","twitter_misc":{"Est. reading time":"2 minutes"},"schema":{"@context":"https:\/\/schema.org","@graph":[{"@type":"WebPage","@id":"https:\/\/uka.edu.vn\/en\/langdingpage\/","url":"https:\/\/uka.edu.vn\/en\/langdingpage\/","name":"Langdingpage - UK Academy International Bilingual School","isPartOf":{"@id":"https:\/\/uka.edu.vn\/#website"},"datePublished":"2022-12-21T15:59:30+00:00","dateModified":"2022-12-21T15:59:30+00:00","breadcrumb":{"@id":"https:\/\/uka.edu.vn\/en\/langdingpage\/#breadcrumb"},"inLanguage":"en","potentialAction":[{"@type":"ReadAction","target":["https:\/\/uka.edu.vn\/en\/langdingpage\/"]}]},{"@type":"BreadcrumbList","@id":"https:\/\/uka.edu.vn\/en\/langdingpage\/#breadcrumb","itemListElement":[{"@type":"ListItem","position":1,"name":"Home","item":"https:\/\/uka.edu.vn\/en\/"},{"@type":"ListItem","position":2,"name":"Langdingpage"}]},{"@type":"WebSite","@id":"https:\/\/uka.edu.vn\/#website","url":"https:\/\/uka.edu.vn\/","name":"UK Academy International Bilingual School","description":"Trang ch\u1ee7","publisher":{"@id":"https:\/\/uka.edu.vn\/#organization"},"potentialAction":[{"@type":"SearchAction","target":{"@type":"EntryPoint","urlTemplate":"https:\/\/uka.edu.vn\/?s={search_term_string}"},"query-input":"required name=search_term_string"}],"inLanguage":"en"},{"@type":"Organization","@id":"https:\/\/uka.edu.vn\/#organization","name":"UK Academy International Bilingual School","url":"https:\/\/uka.edu.vn\/","logo":{"@type":"ImageObject","inLanguage":"en","@id":"https:\/\/uka.edu.vn\/#\/schema\/logo\/image\/","url":"https:\/\/uka.edu.vn\/wp-content\/uploads\/2022\/12\/Frame.svg","contentUrl":"https:\/\/uka.edu.vn\/wp-content\/uploads\/2022\/12\/Frame.svg","width":309,"height":95,"caption":"UK Academy International Bilingual School"},"image":{"@id":"https:\/\/uka.edu.vn\/#\/schema\/logo\/image\/"}}]}},"_links":{"self":[{"href":"https:\/\/uka.edu.vn\/en\/wp-json\/wp\/v2\/pages\/1069"}],"collection":[{"href":"https:\/\/uka.edu.vn\/en\/wp-json\/wp\/v2\/pages"}],"about":[{"href":"https:\/\/uka.edu.vn\/en\/wp-json\/wp\/v2\/types\/page"}],"author":[{"embeddable":true,"href":"https:\/\/uka.edu.vn\/en\/wp-json\/wp\/v2\/users\/9"}],"replies":[{"embeddable":true,"href":"https:\/\/uka.edu.vn\/en\/wp-json\/wp\/v2\/comments?post=1069"}],"version-history":[{"count":0,"href":"https:\/\/uka.edu.vn\/en\/wp-json\/wp\/v2\/pages\/1069\/revisions"}],"wp:attachment":[{"href":"https:\/\/uka.edu.vn\/en\/wp-json\/wp\/v2\/media?parent=1069"}],"curies":[{"name":"wp","href":"https:\/\/api.w.org\/{rel}","templated":true}]}}