{"id":1078,"date":"2022-12-15T02:50:42","date_gmt":"2022-12-15T02:50:42","guid":{"rendered":"https:\/\/uka.edu.vn\/sample-page\/"},"modified":"2024-01-19T10:12:35","modified_gmt":"2024-01-19T10:12:35","slug":"uka-summer-camp-2023-khong-chi-la-trai-he-uka-chinh-la-noi-niem-vui-bung-no","status":"publish","type":"page","link":"https:\/\/uka.edu.vn\/en\/uka-summer-camp-2023-khong-chi-la-trai-he-uka-chinh-la-noi-niem-vui-bung-no\/","title":{"rendered":"CH\u01af\u01a0NG TR\u00ccNH H\u00c8"},"content":{"rendered":"<p>UKA Summer Camp 2023: Kh\u00f4ng ch\u1ec9 l\u00e0 tr\u1ea1i h\u00e8, UKA ch\u00ednh l\u00e0 n\u01a1i ni\u1ec1m vui b\u00f9ng n\u1ed5<\/p>\n<p><img decoding=\"async\" loading=\"lazy\" class=\"alignnone size-full wp-image-1468\" src=\"https:\/\/uka.edu.vn\/wp-content\/uploads\/2023\/05\/Picture1.jpg\" sizes=\"(max-width: 1617px) 100vw, 1617px\" srcset=\"https:\/\/uka.edu.vn\/wp-content\/uploads\/2023\/05\/Picture1.jpg 1617w, https:\/\/uka.edu.vn\/wp-content\/uploads\/2023\/05\/Picture1-300x114.jpg 300w, https:\/\/uka.edu.vn\/wp-content\/uploads\/2023\/05\/Picture1-1024x390.jpg 1024w, https:\/\/uka.edu.vn\/wp-content\/uploads\/2023\/05\/Picture1-768x293.jpg 768w, https:\/\/uka.edu.vn\/wp-content\/uploads\/2023\/05\/Picture1-1536x585.jpg 1536w, https:\/\/uka.edu.vn\/wp-content\/uploads\/2023\/05\/Picture1-24x9.jpg 24w, https:\/\/uka.edu.vn\/wp-content\/uploads\/2023\/05\/Picture1-36x14.jpg 36w, https:\/\/uka.edu.vn\/wp-content\/uploads\/2023\/05\/Picture1-48x18.jpg 48w\" alt=\"\" width=\"1617\" height=\"616\" \/><\/p>\n<p>V\u1edbi mong mu\u1ed1n mang \u0111\u1ebfn c\u00e1c b\u1ea1n h\u1ecdc sinh m\u00f9a h\u00e8 b\u00f9ng n\u1ed5 ni\u1ec1m vui, m\u1ed9t m\u00f9a h\u00e8 v\u01b0\u1ee3t xa \u0111\u1ecbnh ki\u1ebfn \u201ch\u1ecdc h\u00e8 l\u00e0 \u00e1p l\u1ef1c\u201d, UKA gi\u1edbi thi\u1ec7u ch\u01b0\u01a1ng tr\u00ecnh h\u00e8 b\u00e1n tr\u00fa \u0111\u1eb3ng c\u1ea5p qu\u1ed1c t\u1ebf UKA Summer Camp 2023 \u2013 M\u00f9a h\u00e8 V\u01b0\u01a1ng qu\u1ed1c Anh t\u1ea1i UKA gi\u00fap c\u00e1c em n\u00e2ng cao kh\u1ea3 n\u0103ng Anh ng\u1eef, ph\u00e1t tri\u1ec3n k\u1ef9 n\u0103ng v\u00e0 t\u01b0 duy nh\u01b0 m\u1ed9t c\u00f4ng d\u00e2n Anh.<\/p>\n<h1><strong>8 tu\u1ea7n h\u00e8 \u0111\u00e1ng nh\u1edb, nu\u00f4i d\u01b0\u1ee1ng ni\u1ec1m vui h\u1ecdc t\u1eadp cho c\u00e1c b\u1ea1n nh\u1ecf m\u1ea7m non<\/strong><\/h1>\n<p>M\u00f9a h\u00e8 ch\u00ednh l\u00e0 m\u1ea3nh gh\u00e9p kh\u00f4ng th\u1ec3 thi\u1ebfu c\u1ee7a c\u00e1c b\u1ea1n nh\u1ecf m\u1ea7m non \u0111\u1ec3 t\u1ea1o n\u00ean tu\u1ed5i th\u01a1 h\u1ea1nh ph\u00fac. Th\u1ea5u hi\u1ec3u \u0111i\u1ec1u n\u00e0y, M\u00f9a h\u00e8 V\u01b0\u01a1ng qu\u1ed1c Anh t\u1ea1i UKA mang \u0111\u1ebfn k\u1ef3 ngh\u1ec9 h\u00e8 tr\u1ecdn v\u1eb9n v\u00e0 r\u1ef1c r\u1ee1 nh\u1ea5t, h\u1ee9a h\u1eb9n s\u1ebd m\u1edf ra b\u1ea7u tr\u1eddi ki\u1ebfn th\u1ee9c v\u1ec1 V\u01b0\u01a1ng qu\u1ed1c Anh qua nh\u1eefng d\u1ef1 \u00e1n b\u1ed5 \u00edch v\u00e0 l\u00fd th\u00fa.<\/p>\n<p><strong>H\u00e0nh tr\u00ecnh 8 tu\u1ea7n tr\u1edf th\u00e0nh s\u1ee9 gi\u1ea3 v\u0103n h\u00f3a V\u01b0\u01a1ng qu\u1ed1c Anh\u00a0<\/strong>v\u1edbi nh\u1eefng d\u1ef1 \u00e1n h\u1ecdc t\u1eadp, kh\u00e1m ph\u00e1 th\u1ef1c t\u1ebf v\u00e0 l\u00fd th\u00fa. H\u1ecdc sinh \u0111\u01b0\u1ee3c t\u00ecm hi\u1ec3u v\u1ec1 \u1ea9m th\u1ef1c, c\u00f4ng tr\u00ecnh ki\u1ebfn tr\u00fac, danh lam th\u1eafng c\u1ea3nh, v\u0103n h\u00f3a l\u1ec5 h\u1ed9i v\u00e0 nh\u1eefng m\u00f4n th\u1ec3 thao \u0111\u1eb7c tr\u01b0ng c\u1ee7a ng\u01b0\u1eddi d\u00e2n X\u1ee9 s\u1edf s\u01b0\u01a1ng m\u00f9.<\/p>\n<p><strong>Gi\u1ea3i ph\u00f3ng n\u0103ng l\u01b0\u1ee3ng, r\u00e8n luy\u1ec7n th\u1ec3 ch\u1ea5t<\/strong>\u00a0v\u1edbi c\u00e2u l\u1ea1c b\u1ed9 ph\u00e1t tri\u1ec3n tr\u00ed th\u00f4ng minh v\u1eadn \u0111\u1ed9ng, c\u00e2u l\u1ea1c b\u1ed9 th\u1ea9m m\u1ef9 v\u00e0 c\u1ea3m th\u1ee5 ngh\u1ec7 thu\u1eadt.<\/p>\n<p><strong>H\u1ed9i nh\u1eadp v\u00e0 th\u00edch nghi:<\/strong>\u00a0T\u1ef1 tin k\u1ebft n\u1ed1i v\u1edbi b\u1ea1n b\u00e8 v\u00e0 th\u1ea7y c\u00f4 t\u1ea1i tr\u01b0\u1eddng, h\u1ecdc sinh s\u1ebd nhanh ch\u00f3ng th\u00edch nghi v\u1edbi m\u00f4i tr\u01b0\u1eddng khi chuy\u1ec3n ti\u1ebfp l\u00ean l\u1edbp m\u1edbi.<\/p>\n<h1><strong>5 tu\u1ea7n b\u00f9ng n\u1ed5 ni\u1ec1m vui c\u1ee7a c\u00e1c s\u1ee9 gi\u1ea3 v\u0103n h\u00f3a Ti\u1ec3u h\u1ecdc v\u00e0 Trung h\u1ecdc<\/strong><\/h1>\n<p>Tr\u1ea1i h\u00e8 UKA Summer Camp k\u00e9o d\u00e0i xuy\u00ean su\u1ed1t 5 tu\u1ea7n s\u1ebd l\u00e0 h\u00e0nh tr\u00ecnh tr\u1ecdn v\u1eb9n \u0111\u1ec3 c\u00e1c b\u1ea1n h\u1ecdc sinh \u0111\u01b0\u1ee3c vui ch\u01a1i \u0111\u00fang ngh\u0129a sau m\u1ed9t n\u0103m h\u1ecdc t\u1eadp ch\u0103m ch\u1ec9. \u0110\u1ed3ng th\u1eddi, c\u00e1c em \u0111\u01b0\u1ee3c b\u1ed3i d\u01b0\u1ee1ng n\u0103ng khi\u1ebfu, ti\u1ebfp thu nh\u1eefng ki\u1ebfn th\u1ee9c m\u1edbi l\u1ea1 v\u00e0 th\u00fa v\u1ecb t\u1eeb c\u00e1c ho\u1ea1t \u0111\u1ed9ng tr\u1ea3i nghi\u1ec7m \u0111\u00e1ng nh\u1edb, c\u00e1c d\u1ef1 \u00e1n s\u00e1ng t\u1ea1o gi\u00fap c\u00e1c em khai m\u1edf v\u00e0 ph\u00e1t tri\u1ec3n t\u00e0i n\u0103ng.<\/p>\n<h2><strong>M\u1ed7i tu\u1ea7n l\u00e0 nh\u1eefng tr\u1ea3i nghi\u1ec7m m\u1edbi \u2013 h\u00e0nh tr\u00ecnh kh\u00e1m ph\u00e1 v\u0103n h\u00f3a m\u1edbi<\/strong><\/h2>\n<p><img decoding=\"async\" loading=\"lazy\" class=\"size-full wp-image-1470 aligncenter\" src=\"https:\/\/uka.edu.vn\/wp-content\/uploads\/2023\/05\/Picture2.png\" sizes=\"(max-width: 516px) 100vw, 516px\" srcset=\"https:\/\/uka.edu.vn\/wp-content\/uploads\/2023\/05\/Picture2.png 516w, https:\/\/uka.edu.vn\/wp-content\/uploads\/2023\/05\/Picture2-300x225.png 300w, https:\/\/uka.edu.vn\/wp-content\/uploads\/2023\/05\/Picture2-24x18.png 24w, https:\/\/uka.edu.vn\/wp-content\/uploads\/2023\/05\/Picture2-36x27.png 36w, https:\/\/uka.edu.vn\/wp-content\/uploads\/2023\/05\/Picture2-48x36.png 48w\" alt=\"\" width=\"516\" height=\"387\" \/><\/p>\n<p><strong>Tu\u1ea7n 1: Kh\u1edfi \u0111\u1ed9ng h\u00e0nh tr\u00ecnh V\u01b0\u01a1ng qu\u1ed1c Anh<\/strong><\/p>\n<p>H\u1ecdc sinh t\u00ecm hi\u1ec3u b\u1ec1 d\u00e0y l\u1ecbch s\u1eed l\u00e2u \u0111\u1eddi v\u00e0 n\u1ec1n v\u0103n h\u00f3a \u0111a d\u1ea1ng c\u1ee7a V\u01b0\u01a1ng qu\u1ed1c Anh, \u0111\u1ed3ng th\u1eddi c\u1ee7ng c\u1ed1 ki\u1ebfn th\u1ee9c m\u00f4n h\u1ecdc STEM qua c\u00e1c d\u1ef1 \u00e1n th\u1ef1c h\u00e0nh nh\u01b0 l\u00e0m m\u00f4 h\u00ecnh xe tr\u01b0\u1ee3t, m\u00f4 h\u00ecnh qu\u1ea1t gi\u00f3, s\u1ea3n ph\u1ea9m d\u00f9 bay,\u2026.<\/p>\n<p><strong>Tu\u1ea7n 2: B\u1ebfn \u0111\u1ed7 ngh\u1ec7 thu\u1eadt t\u1ea1i x\u1ee9 s\u1edf s\u01b0\u01a1ng m\u00f9 \u2013 England<\/strong><\/p>\n<p>H\u1ecdc sinh kh\u00e1m ph\u00e1 v\u00e0 tr\u1ea3i nghi\u1ec7m n\u1ec1n v\u0103n h\u00f3a, \u1ea9m th\u1ef1c, th\u1eddi trang c\u1ee7a n\u01b0\u1edbc Anh, tham gia nh\u1eefng d\u1ef1 \u00e1n nh\u1ea1c k\u1ecbch theo ch\u1ee7 \u0111\u1ec1 c\u1ee7a c\u00e1c t\u00e1c ph\u1ea9m v\u0103n h\u1ecdc n\u1ed5i ti\u1ebfng, gi\u00fap c\u00e1c em r\u00e8n luy\u1ec7n k\u1ef9 n\u0103ng tr\u00ecnh di\u1ec5n tr\u00ean s\u00e2n kh\u1ea5u v\u00e0 ph\u00e1t tri\u1ec3n s\u1ef1 t\u1ef1 tin.<\/p>\n<p><strong>Tu\u1ea7n 3: H\u00e0nh tr\u00ecnh tri th\u1ee9c t\u1ea1i x\u1ee9 s\u1edf k\u1ef3 l\u00e2n \u2013 Scotland<\/strong><\/p>\n<p>Ti\u1ebfp c\u1eadn n\u1ec1n v\u0103n h\u00f3a c\u1ee7a qu\u1ed1c gia c\u1ef1c b\u1eafc V\u01b0\u01a1ng qu\u1ed1c Anh \u2013 Scotland v\u00e0 tham gia c\u00e1c d\u1ef1 \u00e1n h\u1ecdc t\u1eadp thi\u1ebft th\u1ef1c mang t\u00ednh \u1ee9ng d\u1ee5ng nh\u01b0 tr\u1ea3i nghi\u1ec7m l\u00e0m r\u01b0\u1ee3u nho, th\u1ef1c h\u00e0nh l\u1eafp r\u00e1p robot, thi\u1ebft k\u1ebf trang ph\u1ee5c truy\u1ec1n th\u1ed1ng.<\/p>\n<p><strong>Tu\u1ea7n 4: Chinh ph\u1ee5c nh\u1eefng \u0111\u1ec9nh cao x\u1ee9 Wales<\/strong><\/p>\n<p>T\u00ecm hi\u1ec3u gi\u00e1 tr\u1ecb v\u0103n h\u00f3a \u1ea9m th\u1ef1c v\u00e0 l\u1ecbch s\u1eed qu\u00e1 tr\u00ecnh c\u00f4ng nghi\u1ec7p h\u00f3a c\u1ee7a qu\u1ed1c \u0111\u1ea3o Wales \u1edf ph\u00eda \u0110\u00f4ng Nam V\u01b0\u01a1ng qu\u1ed1c Anh, h\u1ecdc sinh s\u1eb5n s\u00e0ng cho c\u00e1c d\u1ef1 \u00e1n minh h\u1ecda s\u1ef1 ph\u00e1t tri\u1ec3n c\u1ee7a n\u1ec1n c\u00f4ng nghi\u1ec7p, khoa h\u1ecdc, k\u1ef9 thu\u1eadt th\u00f4ng qua m\u00f4n h\u1ecdc M\u1ef9 thu\u1eadt v\u00e0 STEM.<\/p>\n<p><strong>Tu\u1ea7n 5: S\u1ee9 gi\u1ea3 v\u0103n h\u00f3a t\u1ea1i B\u1eafc Ireland &amp; Gala Summer<\/strong><\/p>\n<p>H\u00e0nh tr\u00ecnh kh\u00e1m ph\u00e1 v\u0103n h\u00f3a v\u00f9ng \u0111\u1ea5t \u201cng\u1ecdc l\u1ee5c b\u1ea3o\u201d \u2013 B\u1eafc Ireland. L\u01b0u gi\u1eef k\u1ec9 ni\u1ec7m m\u00f9a h\u00e8 s\u00f4i \u0111\u1ed9ng v\u1edbi chuy\u1ebfn \u0111i th\u1ef1c t\u1ebf v\u00e0 \u0111\u00eam nh\u1ea1c Gala Summer. \u0110\u00eam Gala Summer s\u1ebd l\u00e0 c\u00e1i k\u1ebft b\u00f9ng n\u1ed5 c\u1ee7a m\u00f9a h\u00e8 UKA s\u00f4i \u0111\u1ed9ng \u2013 n\u01a1i h\u1ecdc sinh \u0111\u01b0\u1ee3c t\u1ecfa s\u00e1ng t\u00e0i n\u0103ng, th\u1ec3 hi\u1ec7n c\u00e1c th\u00e0nh ph\u1ea9m h\u1ecdc t\u1eadp s\u00e1ng t\u1ea1o, g\u1eafn k\u1ebft v\u1edbi th\u1ea7y c\u00f4 v\u00e0 b\u1ea1n b\u00e8.<\/p>\n<p><img decoding=\"async\" loading=\"lazy\" class=\"size-full wp-image-1472 aligncenter\" src=\"https:\/\/uka.edu.vn\/wp-content\/uploads\/2023\/05\/Picture3.png\" sizes=\"(max-width: 591px) 100vw, 591px\" srcset=\"https:\/\/uka.edu.vn\/wp-content\/uploads\/2023\/05\/Picture3.png 591w, https:\/\/uka.edu.vn\/wp-content\/uploads\/2023\/05\/Picture3-300x200.png 300w, https:\/\/uka.edu.vn\/wp-content\/uploads\/2023\/05\/Picture3-24x16.png 24w, https:\/\/uka.edu.vn\/wp-content\/uploads\/2023\/05\/Picture3-36x24.png 36w, https:\/\/uka.edu.vn\/wp-content\/uploads\/2023\/05\/Picture3-48x32.png 48w\" alt=\"\" width=\"591\" height=\"394\" \/><\/p>\n<p>\u0110\u1eb7c bi\u1ec7t, h\u1ecdc sinh \u0111\u01b0\u1ee3c r\u00e8n luy\u1ec7n kh\u1ea3 n\u0103ng Anh ng\u1eef m\u1ed7i ng\u00e0y v\u1edbi th\u1eddi kh\u00f3a bi\u1ec3u m\u00f4n ti\u1ebfng Anh xuy\u00ean su\u1ed1t c\u00e1c tu\u1ea7n. UKA c\u00f2n kh\u00e9o l\u00e9o l\u1ed3ng gh\u00e9p ph\u01b0\u01a1ng ph\u00e1p gi\u1ea3ng d\u1ea1y \u201cNi\u1ec1m vui h\u1ecdc t\u1eadp\u201d v\u00e0o m\u1ed7i gi\u1edd h\u1ecdc, gi\u00fap c\u00e1c em lu\u00f4n tr\u00e0n \u0111\u1ea7y n\u0103ng l\u01b0\u1ee3ng v\u00e0 t\u1ef1 tin, khuy\u1ebfn kh\u00edch s\u1ef1 ch\u1ee7 \u0111\u1ed9ng giao ti\u1ebfp v\u1edbi gi\u00e1o vi\u00ean n\u01b0\u1edbc ngo\u00e0i.<\/p>\n<p><img decoding=\"async\" loading=\"lazy\" class=\"size-full wp-image-1474 aligncenter\" src=\"https:\/\/uka.edu.vn\/wp-content\/uploads\/2023\/05\/Picture4.png\" sizes=\"(max-width: 552px) 100vw, 552px\" srcset=\"https:\/\/uka.edu.vn\/wp-content\/uploads\/2023\/05\/Picture4.png 552w, https:\/\/uka.edu.vn\/wp-content\/uploads\/2023\/05\/Picture4-300x300.png 300w, https:\/\/uka.edu.vn\/wp-content\/uploads\/2023\/05\/Picture4-150x150.png 150w, https:\/\/uka.edu.vn\/wp-content\/uploads\/2023\/05\/Picture4-24x24.png 24w, https:\/\/uka.edu.vn\/wp-content\/uploads\/2023\/05\/Picture4-36x36.png 36w, https:\/\/uka.edu.vn\/wp-content\/uploads\/2023\/05\/Picture4-48x48.png 48w\" alt=\"\" width=\"552\" height=\"552\" \/><\/p>\n<h2><strong>Nh\u1eefng chuy\u1ebfn \u0111i \u0111\u1ec3 b\u1ee9t ph\u00e1 gi\u1edbi h\u1ea1n v\u00e0 tr\u01b0\u1edfng th\u00e0nh h\u01a1n<\/strong><\/h2>\n<p><img decoding=\"async\" loading=\"lazy\" class=\"size-full wp-image-1476 aligncenter\" src=\"https:\/\/uka.edu.vn\/wp-content\/uploads\/2023\/05\/Picture5.png\" sizes=\"(max-width: 625px) 100vw, 625px\" srcset=\"https:\/\/uka.edu.vn\/wp-content\/uploads\/2023\/05\/Picture5.png 625w, https:\/\/uka.edu.vn\/wp-content\/uploads\/2023\/05\/Picture5-300x200.png 300w, https:\/\/uka.edu.vn\/wp-content\/uploads\/2023\/05\/Picture5-24x16.png 24w, https:\/\/uka.edu.vn\/wp-content\/uploads\/2023\/05\/Picture5-36x24.png 36w, https:\/\/uka.edu.vn\/wp-content\/uploads\/2023\/05\/Picture5-48x32.png 48w\" alt=\"\" width=\"625\" height=\"417\" \/><\/p>\n<p>Xen k\u1ebd c\u00e1c bu\u1ed5i h\u1ecdc b\u1ed5 \u00edch l\u00e0 nh\u1eefng gi\u1edd vui ch\u01a1i h\u1ebft m\u00ecnh \u0111\u1ec3 h\u1ecdc sinh th\u1ecfa s\u1ee9c kh\u00e1m ph\u00e1 v\u00e0 tr\u1ea3i nghi\u1ec7m. V\u00e0o th\u1ee9 S\u00e1u m\u1ed7i tu\u1ea7n, nh\u1eefng chi\u1ebfc xe bu\u00fdt UKA s\u1ebd \u0111\u01b0a c\u00e1c em vi vu \u0111\u1ebfn nh\u1eefng \u0111\u1ecba \u0111i\u1ec3m m\u1edbi, n\u01a1i c\u00e1c em \u0111\u01b0\u1ee3c r\u00e8n luy\u1ec7n th\u1ec3 ch\u1ea5t v\u00e0 x\u00e2y d\u1ef1ng tinh th\u1ea7n \u0111o\u00e0n k\u1ebft.<\/p>\n<p><img decoding=\"async\" loading=\"lazy\" class=\"size-full wp-image-1478 aligncenter\" src=\"https:\/\/uka.edu.vn\/wp-content\/uploads\/2023\/05\/Picture6.png\" sizes=\"(max-width: 613px) 100vw, 613px\" srcset=\"https:\/\/uka.edu.vn\/wp-content\/uploads\/2023\/05\/Picture6.png 613w, https:\/\/uka.edu.vn\/wp-content\/uploads\/2023\/05\/Picture6-300x225.png 300w, https:\/\/uka.edu.vn\/wp-content\/uploads\/2023\/05\/Picture6-24x18.png 24w, https:\/\/uka.edu.vn\/wp-content\/uploads\/2023\/05\/Picture6-36x27.png 36w, https:\/\/uka.edu.vn\/wp-content\/uploads\/2023\/05\/Picture6-48x36.png 48w\" alt=\"\" width=\"613\" height=\"459\" \/><\/p>\n<p>Xuy\u00ean su\u1ed1t h\u00e0nh tr\u00ecnh, h\u1ecdc sinh \u0111\u01b0\u1ee3c tham gia nh\u1eefng th\u1eed th\u00e1ch th\u00fa v\u1ecb, gi\u00fap c\u00e1c em ph\u00e1t tri\u1ec3n t\u01b0 duy ch\u1ee7 \u0111\u1ed9ng trong k\u1ef9 n\u0103ng gi\u1ea3i quy\u1ebft v\u1ea5n \u0111\u1ec1 v\u00e0 trau d\u1ed3i c\u00e1c k\u1ef9 n\u0103ng m\u1ec1m kh\u00e1c. Nh\u1eefng ti\u1ebfng c\u01b0\u1eddi, s\u1ef1 n\u0103ng \u0111\u1ed9ng c\u00f9ng s\u1ef1 h\u00e1o h\u1ee9c khi vui ch\u01a1i v\u1edbi b\u1ea1n b\u00e8, th\u1ea7y c\u00f4 s\u1ebd l\u00e0 nh\u1eefng k\u1ef7 ni\u1ec7m qu\u00fd gi\u00e1, \u0111\u1ed3ng h\u00e0nh c\u00f9ng c\u00e1c em tr\u00ean h\u00e0nh tr\u00ecnh kh\u00f4n l\u1edbn v\u00e0 tr\u01b0\u1edfng th\u00e0nh.<\/p>\n<p><img decoding=\"async\" loading=\"lazy\" class=\"size-full wp-image-1480 aligncenter\" src=\"https:\/\/uka.edu.vn\/wp-content\/uploads\/2023\/05\/Picture7.png\" sizes=\"(max-width: 606px) 100vw, 606px\" srcset=\"https:\/\/uka.edu.vn\/wp-content\/uploads\/2023\/05\/Picture7.png 606w, https:\/\/uka.edu.vn\/wp-content\/uploads\/2023\/05\/Picture7-300x225.png 300w, https:\/\/uka.edu.vn\/wp-content\/uploads\/2023\/05\/Picture7-24x18.png 24w, https:\/\/uka.edu.vn\/wp-content\/uploads\/2023\/05\/Picture7-36x27.png 36w, https:\/\/uka.edu.vn\/wp-content\/uploads\/2023\/05\/Picture7-48x36.png 48w\" alt=\"\" width=\"606\" height=\"454\" \/><\/p>\n<p>Tr\u1ea1i h\u00e8 b\u00e1n tr\u00fa UKA Summer Camp 2023 \u0111\u00e3 ch\u00ednh th\u1ee9c tuy\u1ec3n sinh t\u1eeb h\u00f4m nay! Ba M\u1eb9 h\u00e3y li\u00ean h\u1ec7 Fanpage UK Academy Vietnam \u0111\u1ec3 \u0111\u0103ng k\u00fd cho con tham gia tr\u1ea1i h\u00e8 UKA nh\u00e9!<\/p>\n","protected":false},"excerpt":{"rendered":"<p>UKA Summer Camp 2023: Kh\u00f4ng ch\u1ec9 l\u00e0 tr\u1ea1i h\u00e8, UKA ch\u00ednh l\u00e0 n\u01a1i ni\u1ec1m vui b\u00f9ng n\u1ed5 V\u1edbi mong mu\u1ed1n mang \u0111\u1ebfn c\u00e1c b\u1ea1n h\u1ecdc sinh m\u00f9a h\u00e8 b\u00f9ng n\u1ed5 ni\u1ec1m vui, m\u1ed9t m\u00f9a h\u00e8 v\u01b0\u1ee3t xa \u0111\u1ecbnh ki\u1ebfn \u201ch\u1ecdc h\u00e8 l\u00e0 \u00e1p l\u1ef1c\u201d, UKA gi\u1edbi thi\u1ec7u ch\u01b0\u01a1ng tr\u00ecnh h\u00e8 b\u00e1n tr\u00fa \u0111\u1eb3ng c\u1ea5p qu\u1ed1c &#8230; <a title=\"CH\u01af\u01a0NG TR\u00ccNH H\u00c8\" class=\"read-more\" href=\"https:\/\/uka.edu.vn\/en\/uka-summer-camp-2023-khong-chi-la-trai-he-uka-chinh-la-noi-niem-vui-bung-no\/\" aria-label=\"More on CH\u01af\u01a0NG TR\u00ccNH H\u00c8\">Read more<\/a><\/p>\n","protected":false},"author":9,"featured_media":0,"parent":0,"menu_order":0,"comment_status":"closed","ping_status":"open","template":"","meta":{"inline_featured_image":false},"acf":[],"yoast_head":"<!-- This site is optimized with the Yoast SEO plugin v19.13 - https:\/\/yoast.com\/wordpress\/plugins\/seo\/ -->\n<title>CH\u01af\u01a0NG TR\u00ccNH H\u00c8 - UK Academy International Bilingual School<\/title>\n<meta name=\"robots\" content=\"index, follow, max-snippet:-1, max-image-preview:large, max-video-preview:-1\" \/>\n<link rel=\"canonical\" href=\"https:\/\/uka.edu.vn\/en\/uka-summer-camp-2023-khong-chi-la-trai-he-uka-chinh-la-noi-niem-vui-bung-no\/\" \/>\n<meta property=\"og:locale\" content=\"en_US\" \/>\n<meta property=\"og:type\" content=\"article\" \/>\n<meta property=\"og:title\" content=\"CH\u01af\u01a0NG TR\u00ccNH H\u00c8 - UK Academy International Bilingual School\" \/>\n<meta property=\"og:description\" content=\"UKA Summer Camp 2023: Kh\u00f4ng ch\u1ec9 l\u00e0 tr\u1ea1i h\u00e8, UKA ch\u00ednh l\u00e0 n\u01a1i ni\u1ec1m vui b\u00f9ng n\u1ed5 V\u1edbi mong mu\u1ed1n mang \u0111\u1ebfn c\u00e1c b\u1ea1n h\u1ecdc sinh m\u00f9a h\u00e8 b\u00f9ng n\u1ed5 ni\u1ec1m vui, m\u1ed9t m\u00f9a h\u00e8 v\u01b0\u1ee3t xa \u0111\u1ecbnh ki\u1ebfn \u201ch\u1ecdc h\u00e8 l\u00e0 \u00e1p l\u1ef1c\u201d, UKA gi\u1edbi thi\u1ec7u ch\u01b0\u01a1ng tr\u00ecnh h\u00e8 b\u00e1n tr\u00fa \u0111\u1eb3ng c\u1ea5p qu\u1ed1c ... Read more\" \/>\n<meta property=\"og:url\" content=\"https:\/\/uka.edu.vn\/en\/uka-summer-camp-2023-khong-chi-la-trai-he-uka-chinh-la-noi-niem-vui-bung-no\/\" \/>\n<meta property=\"og:site_name\" content=\"UK Academy International Bilingual School\" \/>\n<meta property=\"article:modified_time\" content=\"2024-01-19T10:12:35+00:00\" \/>\n<meta property=\"og:image\" content=\"https:\/\/uka.edu.vn\/wp-content\/uploads\/2023\/05\/Picture1.jpg\" \/>\n<meta name=\"twitter:card\" content=\"summary_large_image\" \/>\n<script type=\"application\/ld+json\" class=\"yoast-schema-graph\">{\"@context\":\"https:\/\/schema.org\",\"@graph\":[{\"@type\":\"WebPage\",\"@id\":\"https:\/\/uka.edu.vn\/en\/uka-summer-camp-2023-khong-chi-la-trai-he-uka-chinh-la-noi-niem-vui-bung-no\/\",\"url\":\"https:\/\/uka.edu.vn\/en\/uka-summer-camp-2023-khong-chi-la-trai-he-uka-chinh-la-noi-niem-vui-bung-no\/\",\"name\":\"CH\u01af\u01a0NG TR\u00ccNH H\u00c8 - UK Academy International Bilingual School\",\"isPartOf\":{\"@id\":\"https:\/\/uka.edu.vn\/#website\"},\"datePublished\":\"2022-12-15T02:50:42+00:00\",\"dateModified\":\"2024-01-19T10:12:35+00:00\",\"breadcrumb\":{\"@id\":\"https:\/\/uka.edu.vn\/en\/uka-summer-camp-2023-khong-chi-la-trai-he-uka-chinh-la-noi-niem-vui-bung-no\/#breadcrumb\"},\"inLanguage\":\"en\",\"potentialAction\":[{\"@type\":\"ReadAction\",\"target\":[\"https:\/\/uka.edu.vn\/en\/uka-summer-camp-2023-khong-chi-la-trai-he-uka-chinh-la-noi-niem-vui-bung-no\/\"]}]},{\"@type\":\"BreadcrumbList\",\"@id\":\"https:\/\/uka.edu.vn\/en\/uka-summer-camp-2023-khong-chi-la-trai-he-uka-chinh-la-noi-niem-vui-bung-no\/#breadcrumb\",\"itemListElement\":[{\"@type\":\"ListItem\",\"position\":1,\"name\":\"Home\",\"item\":\"https:\/\/uka.edu.vn\/en\/\"},{\"@type\":\"ListItem\",\"position\":2,\"name\":\"CH\u01af\u01a0NG TR\u00ccNH H\u00c8\"}]},{\"@type\":\"WebSite\",\"@id\":\"https:\/\/uka.edu.vn\/#website\",\"url\":\"https:\/\/uka.edu.vn\/\",\"name\":\"UK Academy International Bilingual School\",\"description\":\"Trang ch\u1ee7\",\"publisher\":{\"@id\":\"https:\/\/uka.edu.vn\/#organization\"},\"potentialAction\":[{\"@type\":\"SearchAction\",\"target\":{\"@type\":\"EntryPoint\",\"urlTemplate\":\"https:\/\/uka.edu.vn\/?s={search_term_string}\"},\"query-input\":\"required name=search_term_string\"}],\"inLanguage\":\"en\"},{\"@type\":\"Organization\",\"@id\":\"https:\/\/uka.edu.vn\/#organization\",\"name\":\"UK Academy International Bilingual School\",\"url\":\"https:\/\/uka.edu.vn\/\",\"logo\":{\"@type\":\"ImageObject\",\"inLanguage\":\"en\",\"@id\":\"https:\/\/uka.edu.vn\/#\/schema\/logo\/image\/\",\"url\":\"https:\/\/uka.edu.vn\/wp-content\/uploads\/2022\/12\/Frame.svg\",\"contentUrl\":\"https:\/\/uka.edu.vn\/wp-content\/uploads\/2022\/12\/Frame.svg\",\"width\":309,\"height\":95,\"caption\":\"UK Academy International Bilingual School\"},\"image\":{\"@id\":\"https:\/\/uka.edu.vn\/#\/schema\/logo\/image\/\"}}]}<\/script>\n<!-- \/ Yoast SEO plugin. -->","yoast_head_json":{"title":"CH\u01af\u01a0NG TR\u00ccNH H\u00c8 - UK Academy International Bilingual School","robots":{"index":"index","follow":"follow","max-snippet":"max-snippet:-1","max-image-preview":"max-image-preview:large","max-video-preview":"max-video-preview:-1"},"canonical":"https:\/\/uka.edu.vn\/en\/uka-summer-camp-2023-khong-chi-la-trai-he-uka-chinh-la-noi-niem-vui-bung-no\/","og_locale":"en_US","og_type":"article","og_title":"CH\u01af\u01a0NG TR\u00ccNH H\u00c8 - UK Academy International Bilingual School","og_description":"UKA Summer Camp 2023: Kh\u00f4ng ch\u1ec9 l\u00e0 tr\u1ea1i h\u00e8, UKA ch\u00ednh l\u00e0 n\u01a1i ni\u1ec1m vui b\u00f9ng n\u1ed5 V\u1edbi mong mu\u1ed1n mang \u0111\u1ebfn c\u00e1c b\u1ea1n h\u1ecdc sinh m\u00f9a h\u00e8 b\u00f9ng n\u1ed5 ni\u1ec1m vui, m\u1ed9t m\u00f9a h\u00e8 v\u01b0\u1ee3t xa \u0111\u1ecbnh ki\u1ebfn \u201ch\u1ecdc h\u00e8 l\u00e0 \u00e1p l\u1ef1c\u201d, UKA gi\u1edbi thi\u1ec7u ch\u01b0\u01a1ng tr\u00ecnh h\u00e8 b\u00e1n tr\u00fa \u0111\u1eb3ng c\u1ea5p qu\u1ed1c ... Read more","og_url":"https:\/\/uka.edu.vn\/en\/uka-summer-camp-2023-khong-chi-la-trai-he-uka-chinh-la-noi-niem-vui-bung-no\/","og_site_name":"UK Academy International Bilingual School","article_modified_time":"2024-01-19T10:12:35+00:00","og_image":[{"url":"https:\/\/uka.edu.vn\/wp-content\/uploads\/2023\/05\/Picture1.jpg"}],"twitter_card":"summary_large_image","schema":{"@context":"https:\/\/schema.org","@graph":[{"@type":"WebPage","@id":"https:\/\/uka.edu.vn\/en\/uka-summer-camp-2023-khong-chi-la-trai-he-uka-chinh-la-noi-niem-vui-bung-no\/","url":"https:\/\/uka.edu.vn\/en\/uka-summer-camp-2023-khong-chi-la-trai-he-uka-chinh-la-noi-niem-vui-bung-no\/","name":"CH\u01af\u01a0NG TR\u00ccNH H\u00c8 - UK Academy International Bilingual School","isPartOf":{"@id":"https:\/\/uka.edu.vn\/#website"},"datePublished":"2022-12-15T02:50:42+00:00","dateModified":"2024-01-19T10:12:35+00:00","breadcrumb":{"@id":"https:\/\/uka.edu.vn\/en\/uka-summer-camp-2023-khong-chi-la-trai-he-uka-chinh-la-noi-niem-vui-bung-no\/#breadcrumb"},"inLanguage":"en","potentialAction":[{"@type":"ReadAction","target":["https:\/\/uka.edu.vn\/en\/uka-summer-camp-2023-khong-chi-la-trai-he-uka-chinh-la-noi-niem-vui-bung-no\/"]}]},{"@type":"BreadcrumbList","@id":"https:\/\/uka.edu.vn\/en\/uka-summer-camp-2023-khong-chi-la-trai-he-uka-chinh-la-noi-niem-vui-bung-no\/#breadcrumb","itemListElement":[{"@type":"ListItem","position":1,"name":"Home","item":"https:\/\/uka.edu.vn\/en\/"},{"@type":"ListItem","position":2,"name":"CH\u01af\u01a0NG TR\u00ccNH H\u00c8"}]},{"@type":"WebSite","@id":"https:\/\/uka.edu.vn\/#website","url":"https:\/\/uka.edu.vn\/","name":"UK Academy International Bilingual School","description":"Trang ch\u1ee7","publisher":{"@id":"https:\/\/uka.edu.vn\/#organization"},"potentialAction":[{"@type":"SearchAction","target":{"@type":"EntryPoint","urlTemplate":"https:\/\/uka.edu.vn\/?s={search_term_string}"},"query-input":"required name=search_term_string"}],"inLanguage":"en"},{"@type":"Organization","@id":"https:\/\/uka.edu.vn\/#organization","name":"UK Academy International Bilingual School","url":"https:\/\/uka.edu.vn\/","logo":{"@type":"ImageObject","inLanguage":"en","@id":"https:\/\/uka.edu.vn\/#\/schema\/logo\/image\/","url":"https:\/\/uka.edu.vn\/wp-content\/uploads\/2022\/12\/Frame.svg","contentUrl":"https:\/\/uka.edu.vn\/wp-content\/uploads\/2022\/12\/Frame.svg","width":309,"height":95,"caption":"UK Academy International Bilingual School"},"image":{"@id":"https:\/\/uka.edu.vn\/#\/schema\/logo\/image\/"}}]}},"_links":{"self":[{"href":"https:\/\/uka.edu.vn\/en\/wp-json\/wp\/v2\/pages\/1078"}],"collection":[{"href":"https:\/\/uka.edu.vn\/en\/wp-json\/wp\/v2\/pages"}],"about":[{"href":"https:\/\/uka.edu.vn\/en\/wp-json\/wp\/v2\/types\/page"}],"author":[{"embeddable":true,"href":"https:\/\/uka.edu.vn\/en\/wp-json\/wp\/v2\/users\/9"}],"replies":[{"embeddable":true,"href":"https:\/\/uka.edu.vn\/en\/wp-json\/wp\/v2\/comments?post=1078"}],"version-history":[{"count":2,"href":"https:\/\/uka.edu.vn\/en\/wp-json\/wp\/v2\/pages\/1078\/revisions"}],"predecessor-version":[{"id":2643,"href":"https:\/\/uka.edu.vn\/en\/wp-json\/wp\/v2\/pages\/1078\/revisions\/2643"}],"wp:attachment":[{"href":"https:\/\/uka.edu.vn\/en\/wp-json\/wp\/v2\/media?parent=1078"}],"curies":[{"name":"wp","href":"https:\/\/api.w.org\/{rel}","templated":true}]}}